{"id":3,"date":"2023-11-18T14:39:03","date_gmt":"2023-11-18T11:39:03","guid":{"rendered":"http:\/\/prodiaajans.com.tr\/?page_id=3"},"modified":"2024-01-13T17:14:25","modified_gmt":"2024-01-13T14:14:25","slug":"gizlilik-politikasi","status":"publish","type":"page","link":"https:\/\/www.prodiaajans.com.tr\/index.php\/gizlilik-politikasi\/","title":{"rendered":"Gizlilik Politikas\u0131"},"content":{"rendered":"\n<p>Prodia Ajans  (bundan s\u00f6yle \u201c\u015eirket\u201d olarak an\u0131lacakt\u0131r) taraf\u0131ndan, https:\/\/prodiaajans.com.tr web sitesi (\u201cSite\u201d) kullan\u0131ma a\u00e7\u0131lm\u0131\u015ft\u0131r. Site\u2019ye eri\u015fim sa\u011flayan ve\/veya kullanan ve\/veya yararlanan t\u00fcm ger\u00e7ek ya da t\u00fczel ki\u015filerin (\u201cKullan\u0131c\u0131\u201d) sitenin her t\u00fcrl\u00fc kullan\u0131m\u0131 i\u00e7in ge\u00e7erli olan i\u015fbu Kullan\u0131m Ko\u015fullar\u0131 ve Gizlilik Politikas\u0131 (\u201cPolitika\u201d) metinlerini dikkatle okumas\u0131 gereklili\u011fi bulunmaktad\u0131r.<\/p>\n\n\n\n<p>Kullan\u0131c\u0131lar i\u015fbu Politikay\u0131 okuyarak Site kapsam\u0131ndaki kullan\u0131m ve bilgi payla\u015f\u0131m\u0131 konusunda gerekli bilgilendirmenin gerek T\u00fcrk Hukuku kapsam\u0131ndaki mevzuatlar (6102 Say\u0131l\u0131 T\u00fcrk Ticaret Kanunu, 6098 Say\u0131l\u0131 T\u00fcrk Bor\u00e7lar Kanunu, 6698 Say\u0131l\u0131 Ki\u015fisel Verilerin Korunmas\u0131 Kanunu ve sair) gerekse de genel etik ilkelerine uygun olarak kendilerine yap\u0131ld\u0131\u011f\u0131n\u0131 kabul etmektedir. \u015eirket olarak bizler i\u00e7in verdi\u011finiz bilgilerin korunmas\u0131 ve gizlili\u011fi b\u00fcy\u00fck \u00f6nem ta\u015f\u0131maktad\u0131r. \u0130nternet taraf\u0131ndan sunulan bir\u00e7ok olanak ve risk nedeniyle Sitemizin kullan\u0131m\u0131yla ilgili taraf\u0131n\u0131za ait bilgilerin korunmas\u0131na y\u00f6nelik a\u015fa\u011f\u0131da belirtilen hususlar ile ilgili olarak taraf\u0131n\u0131z\u0131 bilgilendirmek istemekteyiz.<\/p>\n\n\n\n<p>KULLANICI TARAFINDAN PAYLA\u015eILAN B\u0130LG\u0130LER HAKKINDA<\/p>\n\n\n\n<p>Site kullan\u0131c\u0131lar\u0131, Site kapsam\u0131nda sair \u015fekillerde kendi a\u00e7\u0131k r\u0131zalar\u0131 d\u00e2hilinde taraf\u0131m\u0131z ile payla\u015ft\u0131klar\u0131 t\u00fcm ticari ve\/veya ki\u015fisel bilgilerin (\u201cBilgi\u201d) kendilerine ait oldu\u011funu, do\u011fru ve g\u00fcncel oldu\u011funu kabul ve beyan ederler. Bahse konu bilgilerin ba\u015fka bir \u00fc\u00e7\u00fcnc\u00fc ki\u015fi ya da kuruma (\u201c\u00dc\u00e7\u00fcnc\u00fc Partiler\u201d) ait olmas\u0131 halinde \u015eirket, kullan\u0131c\u0131n\u0131n \u00fc\u00e7\u00fcnc\u00fc partilere ait bu bilgileri ilgili Kanun ve yasal d\u00fczenlemeler uyar\u0131nca gerekli bilgilendirme ve r\u0131za neticesinde \u015eirket ile payla\u015ft\u0131\u011f\u0131n\u0131 kabul edecek olup herhangi bir hukuki ve\/veya cezai sorumluluk kabul etmeyece\u011fimizi bildirmek isteriz.<\/p>\n\n\n\n<p>\u015eirket olarak site \u00fczerinden toplanan bilgileriniz kapsam\u0131nda sizlere ilgili Kanun ve yasal d\u00fczenlemeler uyar\u0131nca kademeli olarak bilgilendirmeler sunarak bilgilerinizi tutmam\u0131zdaki hukuki sebebimizi, hangi maksatlar ile bilgilerinizi kulland\u0131\u011f\u0131m\u0131z\u0131, hangi ki\u015fi ve\/veya kurumlara aktard\u0131\u011f\u0131m\u0131za ve dair detayl\u0131 bilgilendirmeleri sa\u011fl\u0131yor olaca\u011f\u0131z.<\/p>\n\n\n\n<p>BA\u011eLANTI S\u0130TELER\u0130 HAKKINDA<\/p>\n\n\n\n<p>\u0130\u015fbu Site\u2019nin yasal sahibi \u015eirket olup site kapsam\u0131ndaki i\u00e7erik ve\/veya \u00e7e\u015fitli \u00f6\u011felerin yasal haklar\u0131 ise baz\u0131 hallerde \u015eirket\u2019e baz\u0131 hallerde ise \u00fc\u00e7\u00fcnc\u00fc partilere aittir. Site\u2019nin herhangi bir \u015fekilde kopyalanmas\u0131, i\u00e7eri\u011finin ya da \u00f6\u011felerinin izinsiz al\u0131nmas\u0131 ya da taklit edilmesi ilgili yasal mevzuatlar temelinde yasak olup yasal hak sahibinin iznine tabidir.<\/p>\n\n\n\n<p>Site, \u00fc\u00e7\u00fcnc\u00fc partilerin sitelerine ba\u011flant\u0131lar i\u00e7ermektedir. \u015eirket, \u00fc\u00e7\u00fcnc\u00fc partilere ait site ve\/veya i\u00e7erikler kapsam\u0131nda herhangi bir sorumluluk ya da y\u00fck\u00fcml\u00fcl\u00fck kabul etmedi\u011fini ve kullan\u0131c\u0131n\u0131n bunlardan dolay\u0131 ya\u015fayabilece\u011fi herhangi bir zarardan dolay\u0131 da sorumlu tutulamayaca\u011f\u0131n\u0131 bildirmektedir.<\/p>\n\n\n\n<p>WEB S\u0130TES\u0130 DE\u011e\u0130\u015e\u0130KL\u0130KLER\u0130<\/p>\n\n\n\n<p>\u015eirket diledi\u011fi zaman i\u015fbu Politikay\u0131, site kapsam\u0131nda yer alan her t\u00fcrl\u00fc hukuki ve\/veya sair metni, herhangi bir teknik unsuru, i\u00e7eri\u011fi ya da \u00f6zelli\u011fi de\u011fi\u015ftirebilecektir. Bahse konu her t\u00fcrl\u00fc de\u011fi\u015fiklik Site\u2019de yay\u0131nlanmas\u0131 ile ge\u00e7erli say\u0131lacak olup i\u015fbu de\u011fi\u015fikliklere ili\u015fkin gerekli inceleme ve okumalar\u0131n yap\u0131lmas\u0131 kullan\u0131c\u0131lar\u0131n \u015fahsi sorumlulu\u011funda olup \u015eirketin bu kapsamda herhangi bir hukuki ve\/veya cezai sorumlulu\u011fu s\u00f6z konusu de\u011fildir.<\/p>\n\n\n\n<p>\u0130LET\u0130\u015e\u0130M<\/p>\n\n\n\n<p>Politika ile ilgili her t\u00fcrl\u00fc g\u00f6r\u00fc\u015f ve \u00f6nerilerinizi payla\u015fmak veya sorular\u0131n\u0131z\u0131 y\u00f6nlendirmek i\u00e7in bizimle Site\u2019nin \u201c\u0130leti\u015fim\u201d b\u00f6l\u00fcm\u00fcnden ya da do\u011frudan info@prodiaajans.com eposta adresimizden ileti\u015fime ge\u00e7ebilirsiniz.<\/p>\n","protected":false},"excerpt":{"rendered":"<p>Prodia Ajans (bundan s\u00f6yle \u201c\u015eirket\u201d olarak an\u0131lacakt\u0131r) taraf\u0131ndan, https:\/\/prodiaajans.com.tr web sitesi (\u201cSite\u201d) kullan\u0131ma a\u00e7\u0131lm\u0131\u015ft\u0131r. Site\u2019ye eri\u015fim sa\u011flayan ve\/veya kullanan ve\/veya yararlanan t\u00fcm ger\u00e7ek ya da t\u00fczel ki\u015filerin (\u201cKullan\u0131c\u0131\u201d) sitenin her t\u00fcrl\u00fc kullan\u0131m\u0131 i\u00e7in ge\u00e7erli olan i\u015fbu Kullan\u0131m Ko\u015fullar\u0131 ve Gizlilik Politikas\u0131 (\u201cPolitika\u201d) metinlerini dikkatle okumas\u0131 gereklili\u011fi bulunmaktad\u0131r. Kullan\u0131c\u0131lar i\u015fbu Politikay\u0131 okuyarak Site kapsam\u0131ndaki kullan\u0131m ve [&hellip;]<\/p>\n","protected":false},"author":1,"featured_media":0,"parent":0,"menu_order":0,"comment_status":"closed","ping_status":"open","template":"","meta":{"site-sidebar-layout":"default","site-content-layout":"","ast-site-content-layout":"default","site-content-style":"default","site-sidebar-style":"default","ast-global-header-display":"","ast-banner-title-visibility":"","ast-main-header-display":"","ast-hfb-above-header-display":"","ast-hfb-below-header-display":"","ast-hfb-mobile-header-display":"","site-post-title":"","ast-breadcrumbs-content":"","ast-featured-img":"","footer-sml-layout":"","theme-transparent-header-meta":"","adv-header-id-meta":"","stick-header-meta":"","header-above-stick-meta":"","header-main-stick-meta":"","header-below-stick-meta":"","astra-migrate-meta-layouts":"set","ast-page-background-enabled":"default","ast-page-background-meta":{"desktop":{"background-color":"","background-image":"","background-repeat":"repeat","background-position":"center center","background-size":"auto","background-attachment":"scroll","background-type":"","background-media":"","overlay-type":"","overlay-color":"","overlay-gradient":""},"tablet":{"background-color":"","background-image":"","background-repeat":"repeat","background-position":"center center","background-size":"auto","background-attachment":"scroll","background-type":"","background-media":"","overlay-type":"","overlay-color":"","overlay-gradient":""},"mobile":{"background-color":"","background-image":"","background-repeat":"repeat","background-position":"center center","background-size":"auto","background-attachment":"scroll","background-type":"","background-media":"","overlay-type":"","overlay-color":"","overlay-gradient":""}},"ast-content-background-meta":{"desktop":{"background-color":"var(--ast-global-color-5)","background-image":"","background-repeat":"repeat","background-position":"center center","background-size":"auto","background-attachment":"scroll","background-type":"","background-media":"","overlay-type":"","overlay-color":"","overlay-gradient":""},"tablet":{"background-color":"var(--ast-global-color-5)","background-image":"","background-repeat":"repeat","background-position":"center center","background-size":"auto","background-attachment":"scroll","background-type":"","background-media":"","overlay-type":"","overlay-color":"","overlay-gradient":""},"mobile":{"background-color":"var(--ast-global-color-5)","background-image":"","background-repeat":"repeat","background-position":"center center","background-size":"auto","background-attachment":"scroll","background-type":"","background-media":"","overlay-type":"","overlay-color":"","overlay-gradient":""}},"footnotes":""},"class_list":["post-3","page","type-page","status-publish","hentry"],"yoast_head":"<!-- This site is optimized with the Yoast SEO plugin v22.1 - https:\/\/yoast.com\/wordpress\/plugins\/seo\/ -->\n<title>Gizlilik Politikas\u0131 - Prodia Ajans<\/title>\n<meta name=\"robots\" content=\"index, follow, max-snippet:-1, max-image-preview:large, max-video-preview:-1\" \/>\n<link rel=\"canonical\" href=\"https:\/\/www.prodiaajans.com.tr\/index.php\/gizlilik-politikasi\/\" \/>\n<meta property=\"og:locale\" content=\"tr_TR\" \/>\n<meta property=\"og:type\" content=\"article\" \/>\n<meta property=\"og:title\" content=\"Gizlilik Politikas\u0131 - Prodia Ajans\" \/>\n<meta property=\"og:description\" content=\"Prodia Ajans (bundan s\u00f6yle \u201c\u015eirket\u201d olarak an\u0131lacakt\u0131r) taraf\u0131ndan, https:\/\/prodiaajans.com.tr web sitesi (\u201cSite\u201d) kullan\u0131ma a\u00e7\u0131lm\u0131\u015ft\u0131r. Site\u2019ye eri\u015fim sa\u011flayan ve\/veya kullanan ve\/veya yararlanan t\u00fcm ger\u00e7ek ya da t\u00fczel ki\u015filerin (\u201cKullan\u0131c\u0131\u201d) sitenin her t\u00fcrl\u00fc kullan\u0131m\u0131 i\u00e7in ge\u00e7erli olan i\u015fbu Kullan\u0131m Ko\u015fullar\u0131 ve Gizlilik Politikas\u0131 (\u201cPolitika\u201d) metinlerini dikkatle okumas\u0131 gereklili\u011fi bulunmaktad\u0131r. Kullan\u0131c\u0131lar i\u015fbu Politikay\u0131 okuyarak Site kapsam\u0131ndaki kullan\u0131m ve [&hellip;]\" \/>\n<meta property=\"og:url\" content=\"https:\/\/www.prodiaajans.com.tr\/index.php\/gizlilik-politikasi\/\" \/>\n<meta property=\"og:site_name\" content=\"Prodia Ajans\" \/>\n<meta property=\"article:modified_time\" content=\"2024-01-13T14:14:25+00:00\" \/>\n<meta name=\"twitter:card\" content=\"summary_large_image\" \/>\n<meta name=\"twitter:label1\" content=\"Tahmini okuma s\u00fcresi\" \/>\n\t<meta name=\"twitter:data1\" content=\"3 dakika\" \/>\n<script type=\"application\/ld+json\" class=\"yoast-schema-graph\">{\"@context\":\"https:\/\/schema.org\",\"@graph\":[{\"@type\":\"WebPage\",\"@id\":\"https:\/\/www.prodiaajans.com.tr\/index.php\/gizlilik-politikasi\/\",\"url\":\"https:\/\/www.prodiaajans.com.tr\/index.php\/gizlilik-politikasi\/\",\"name\":\"Gizlilik Politikas\u0131 - Prodia Ajans\",\"isPartOf\":{\"@id\":\"https:\/\/www.prodiaajans.com.tr\/#website\"},\"datePublished\":\"2023-11-18T11:39:03+00:00\",\"dateModified\":\"2024-01-13T14:14:25+00:00\",\"breadcrumb\":{\"@id\":\"https:\/\/www.prodiaajans.com.tr\/index.php\/gizlilik-politikasi\/#breadcrumb\"},\"inLanguage\":\"tr\",\"potentialAction\":[{\"@type\":\"ReadAction\",\"target\":[\"https:\/\/www.prodiaajans.com.tr\/index.php\/gizlilik-politikasi\/\"]}]},{\"@type\":\"BreadcrumbList\",\"@id\":\"https:\/\/www.prodiaajans.com.tr\/index.php\/gizlilik-politikasi\/#breadcrumb\",\"itemListElement\":[{\"@type\":\"ListItem\",\"position\":1,\"name\":\"Anasayfa\",\"item\":\"https:\/\/www.prodiaajans.com.tr\/\"},{\"@type\":\"ListItem\",\"position\":2,\"name\":\"Gizlilik Politikas\u0131\"}]},{\"@type\":\"WebSite\",\"@id\":\"https:\/\/www.prodiaajans.com.tr\/#website\",\"url\":\"https:\/\/www.prodiaajans.com.tr\/\",\"name\":\"Prodia Ajans\",\"description\":\"\",\"publisher\":{\"@id\":\"https:\/\/www.prodiaajans.com.tr\/#organization\"},\"potentialAction\":[{\"@type\":\"SearchAction\",\"target\":{\"@type\":\"EntryPoint\",\"urlTemplate\":\"https:\/\/www.prodiaajans.com.tr\/?s={search_term_string}\"},\"query-input\":\"required name=search_term_string\"}],\"inLanguage\":\"tr\"},{\"@type\":\"Organization\",\"@id\":\"https:\/\/www.prodiaajans.com.tr\/#organization\",\"name\":\"Prodia Ajans\",\"url\":\"https:\/\/www.prodiaajans.com.tr\/\",\"logo\":{\"@type\":\"ImageObject\",\"inLanguage\":\"tr\",\"@id\":\"https:\/\/www.prodiaajans.com.tr\/#\/schema\/logo\/image\/\",\"url\":\"https:\/\/www.prodiaajans.com.tr\/wp-content\/uploads\/2023\/11\/cropped-PRODIA-AJANS-LOGO-YATAY-DIKEY-1-copy-300x146-1-2.png\",\"contentUrl\":\"https:\/\/www.prodiaajans.com.tr\/wp-content\/uploads\/2023\/11\/cropped-PRODIA-AJANS-LOGO-YATAY-DIKEY-1-copy-300x146-1-2.png\",\"width\":300,\"height\":140,\"caption\":\"Prodia Ajans\"},\"image\":{\"@id\":\"https:\/\/www.prodiaajans.com.tr\/#\/schema\/logo\/image\/\"}}]}<\/script>\n<!-- \/ Yoast SEO plugin. -->","yoast_head_json":{"title":"Gizlilik Politikas\u0131 - Prodia Ajans","robots":{"index":"index","follow":"follow","max-snippet":"max-snippet:-1","max-image-preview":"max-image-preview:large","max-video-preview":"max-video-preview:-1"},"canonical":"https:\/\/www.prodiaajans.com.tr\/index.php\/gizlilik-politikasi\/","og_locale":"tr_TR","og_type":"article","og_title":"Gizlilik Politikas\u0131 - Prodia Ajans","og_description":"Prodia Ajans (bundan s\u00f6yle \u201c\u015eirket\u201d olarak an\u0131lacakt\u0131r) taraf\u0131ndan, https:\/\/prodiaajans.com.tr web sitesi (\u201cSite\u201d) kullan\u0131ma a\u00e7\u0131lm\u0131\u015ft\u0131r. Site\u2019ye eri\u015fim sa\u011flayan ve\/veya kullanan ve\/veya yararlanan t\u00fcm ger\u00e7ek ya da t\u00fczel ki\u015filerin (\u201cKullan\u0131c\u0131\u201d) sitenin her t\u00fcrl\u00fc kullan\u0131m\u0131 i\u00e7in ge\u00e7erli olan i\u015fbu Kullan\u0131m Ko\u015fullar\u0131 ve Gizlilik Politikas\u0131 (\u201cPolitika\u201d) metinlerini dikkatle okumas\u0131 gereklili\u011fi bulunmaktad\u0131r. Kullan\u0131c\u0131lar i\u015fbu Politikay\u0131 okuyarak Site kapsam\u0131ndaki kullan\u0131m ve [&hellip;]","og_url":"https:\/\/www.prodiaajans.com.tr\/index.php\/gizlilik-politikasi\/","og_site_name":"Prodia Ajans","article_modified_time":"2024-01-13T14:14:25+00:00","twitter_card":"summary_large_image","twitter_misc":{"Tahmini okuma s\u00fcresi":"3 dakika"},"schema":{"@context":"https:\/\/schema.org","@graph":[{"@type":"WebPage","@id":"https:\/\/www.prodiaajans.com.tr\/index.php\/gizlilik-politikasi\/","url":"https:\/\/www.prodiaajans.com.tr\/index.php\/gizlilik-politikasi\/","name":"Gizlilik Politikas\u0131 - Prodia Ajans","isPartOf":{"@id":"https:\/\/www.prodiaajans.com.tr\/#website"},"datePublished":"2023-11-18T11:39:03+00:00","dateModified":"2024-01-13T14:14:25+00:00","breadcrumb":{"@id":"https:\/\/www.prodiaajans.com.tr\/index.php\/gizlilik-politikasi\/#breadcrumb"},"inLanguage":"tr","potentialAction":[{"@type":"ReadAction","target":["https:\/\/www.prodiaajans.com.tr\/index.php\/gizlilik-politikasi\/"]}]},{"@type":"BreadcrumbList","@id":"https:\/\/www.prodiaajans.com.tr\/index.php\/gizlilik-politikasi\/#breadcrumb","itemListElement":[{"@type":"ListItem","position":1,"name":"Anasayfa","item":"https:\/\/www.prodiaajans.com.tr\/"},{"@type":"ListItem","position":2,"name":"Gizlilik Politikas\u0131"}]},{"@type":"WebSite","@id":"https:\/\/www.prodiaajans.com.tr\/#website","url":"https:\/\/www.prodiaajans.com.tr\/","name":"Prodia Ajans","description":"","publisher":{"@id":"https:\/\/www.prodiaajans.com.tr\/#organization"},"potentialAction":[{"@type":"SearchAction","target":{"@type":"EntryPoint","urlTemplate":"https:\/\/www.prodiaajans.com.tr\/?s={search_term_string}"},"query-input":"required name=search_term_string"}],"inLanguage":"tr"},{"@type":"Organization","@id":"https:\/\/www.prodiaajans.com.tr\/#organization","name":"Prodia Ajans","url":"https:\/\/www.prodiaajans.com.tr\/","logo":{"@type":"ImageObject","inLanguage":"tr","@id":"https:\/\/www.prodiaajans.com.tr\/#\/schema\/logo\/image\/","url":"https:\/\/www.prodiaajans.com.tr\/wp-content\/uploads\/2023\/11\/cropped-PRODIA-AJANS-LOGO-YATAY-DIKEY-1-copy-300x146-1-2.png","contentUrl":"https:\/\/www.prodiaajans.com.tr\/wp-content\/uploads\/2023\/11\/cropped-PRODIA-AJANS-LOGO-YATAY-DIKEY-1-copy-300x146-1-2.png","width":300,"height":140,"caption":"Prodia Ajans"},"image":{"@id":"https:\/\/www.prodiaajans.com.tr\/#\/schema\/logo\/image\/"}}]}},"_links":{"self":[{"href":"https:\/\/www.prodiaajans.com.tr\/index.php\/wp-json\/wp\/v2\/pages\/3","targetHints":{"allow":["GET"]}}],"collection":[{"href":"https:\/\/www.prodiaajans.com.tr\/index.php\/wp-json\/wp\/v2\/pages"}],"about":[{"href":"https:\/\/www.prodiaajans.com.tr\/index.php\/wp-json\/wp\/v2\/types\/page"}],"author":[{"embeddable":true,"href":"https:\/\/www.prodiaajans.com.tr\/index.php\/wp-json\/wp\/v2\/users\/1"}],"replies":[{"embeddable":true,"href":"https:\/\/www.prodiaajans.com.tr\/index.php\/wp-json\/wp\/v2\/comments?post=3"}],"version-history":[{"count":1,"href":"https:\/\/www.prodiaajans.com.tr\/index.php\/wp-json\/wp\/v2\/pages\/3\/revisions"}],"predecessor-version":[{"id":963,"href":"https:\/\/www.prodiaajans.com.tr\/index.php\/wp-json\/wp\/v2\/pages\/3\/revisions\/963"}],"wp:attachment":[{"href":"https:\/\/www.prodiaajans.com.tr\/index.php\/wp-json\/wp\/v2\/media?parent=3"}],"curies":[{"name":"wp","href":"https:\/\/api.w.org\/{rel}","templated":true}]}}